{"id":27,"date":"2022-04-29T11:25:53","date_gmt":"2022-04-29T11:25:53","guid":{"rendered":"https:\/\/lieferamt.de\/index.php\/home\/"},"modified":"2024-11-25T09:19:38","modified_gmt":"2024-11-25T09:19:38","slug":"home","status":"publish","type":"page","link":"https:\/\/lieferamt.de\/","title":{"rendered":"HOME"},"content":{"rendered":"\n<div style=\"height:16px\" aria-hidden=\"true\" class=\"wp-block-spacer\"><\/div>\n\n\n\n<figure class=\"wp-block-image size-full is-resized\" data-aos=\"fade-right\" data-aos-duration=\"700\"><img loading=\"lazy\" decoding=\"async\" width=\"306\" height=\"401\" src=\"https:\/\/lieferamt.de\/wp-content\/uploads\/2022\/05\/Lieferamt_logo-home.png\" alt=\"\" class=\"wp-image-263\" style=\"width:116px;height:151px\" srcset=\"https:\/\/lieferamt.de\/wp-content\/uploads\/2022\/05\/Lieferamt_logo-home.png 306w, https:\/\/lieferamt.de\/wp-content\/uploads\/2022\/05\/Lieferamt_logo-home-229x300.png 229w\" sizes=\"auto, (max-width: 306px) 100vw, 306px\" \/><\/figure>\n\n\n\n<div style=\"height:15px\" aria-hidden=\"true\" class=\"wp-block-spacer\"><\/div>\n\n\n\n<p class=\"has-black-color has-text-color\" data-aos=\"fade-left\" data-aos-delay=\"150\" data-aos-duration=\"750\">Euer Getr\u00e4nkegro\u00dfhandel mit Herz und Verstand im Gro\u00dfraum N\u00fcrnberg. Wir liefern nicht nur Getr\u00e4nke, sondern auch die extra Portion Service!<br><\/p>\n\n\n<a class=\"maxbutton-2 maxbutton maxbutton-jetzt-bestellen\" title=\"Jetzt bestellen!\" href=\"\/index.php\/bestellen\/\"><span class='mb-text'>JETZT BESTELLEN<\/span><\/a>\n\n\n\n<h6 class=\"wp-block-heading\" data-aos=\"fade-right\" data-aos-delay=\"300\" data-aos-duration=\"1000\"><br><br>wir liefern.<\/h6>\n\n\n\n<div style=\"height:90px\" aria-hidden=\"true\" class=\"wp-block-spacer\"><\/div>\n","protected":false},"excerpt":{"rendered":"<p>Euer Getr\u00e4nkegro\u00dfhandel mit Herz und Verstand im Gro\u00dfraum N\u00fcrnberg. Wir liefern nicht nur Getr\u00e4nke, sondern auch die extra Portion Service! wir liefern.<\/p>\n","protected":false},"author":1,"featured_media":0,"parent":0,"menu_order":0,"comment_status":"closed","ping_status":"closed","template":"","meta":{"footnotes":""},"class_list":["post-27","page","type-page","status-publish","hentry"],"_links":{"self":[{"href":"https:\/\/lieferamt.de\/index.php\/wp-json\/wp\/v2\/pages\/27","targetHints":{"allow":["GET"]}}],"collection":[{"href":"https:\/\/lieferamt.de\/index.php\/wp-json\/wp\/v2\/pages"}],"about":[{"href":"https:\/\/lieferamt.de\/index.php\/wp-json\/wp\/v2\/types\/page"}],"author":[{"embeddable":true,"href":"https:\/\/lieferamt.de\/index.php\/wp-json\/wp\/v2\/users\/1"}],"replies":[{"embeddable":true,"href":"https:\/\/lieferamt.de\/index.php\/wp-json\/wp\/v2\/comments?post=27"}],"version-history":[{"count":2,"href":"https:\/\/lieferamt.de\/index.php\/wp-json\/wp\/v2\/pages\/27\/revisions"}],"predecessor-version":[{"id":890,"href":"https:\/\/lieferamt.de\/index.php\/wp-json\/wp\/v2\/pages\/27\/revisions\/890"}],"wp:attachment":[{"href":"https:\/\/lieferamt.de\/index.php\/wp-json\/wp\/v2\/media?parent=27"}],"curies":[{"name":"wp","href":"https:\/\/api.w.org\/{rel}","templated":true}]}}