{"id":124,"date":"2022-04-29T21:17:42","date_gmt":"2022-04-29T21:17:42","guid":{"rendered":"https:\/\/lieferamt.de\/?page_id=124"},"modified":"2025-04-17T07:22:20","modified_gmt":"2025-04-17T07:22:20","slug":"impressum","status":"publish","type":"page","link":"https:\/\/lieferamt.de\/index.php\/impressum\/","title":{"rendered":"IMPRESSUM"},"content":{"rendered":"\n<p data-aos=\"fade-right\"><strong>Verantwortlich nach \u00a755 Abs. 2 RSTV:<\/strong><\/p>\n\n\n\n<p data-aos=\"fade-right\">Lieferamt GmbH<br>Alexander Ludwig<br>Innere Laufer Gasse 35<br>90402 N\u00fcrnberg<\/p>\n\n\n\n<p data-aos=\"fade-right\">T. 0911 8017635<br>M. 0176 27346106<\/p>\n\n\n\n<p data-aos=\"fade-right\">bestellung@lieferamt.de  <br>www.lieferamt.de<\/p>\n\n\n\n<p data-aos=\"fade-right\"><strong>Zust\u00e4ndige Aufsichtsbeh\u00f6rde: <\/strong><br>Ordnungsamt N\u00fcrnberg<\/p>\n\n\n\n<p data-aos=\"fade-right\"><strong>Handelsregistereintrag:<\/strong><br>HRB 33559, Amtsgericht N\u00fcrnberg<\/p>\n\n\n\n<p data-aos=\"fade-right\"><strong>Umsatzsteuer-Identifikationsnummer:<\/strong><br>DE309330381<\/p>\n\n\n\n<p data-aos=\"fade-right\"><strong>Steuernummer:<br><\/strong>241\/131\/41006<\/p>\n\n\n\n<p data-aos=\"fade-right\"><strong>Gesch\u00e4ftsf\u00fchrer:<\/strong><br>Alexander Ludwig<\/p>\n\n\n\n<p><\/p>\n","protected":false},"excerpt":{"rendered":"<p>Verantwortlich nach \u00a755 Abs. 2 RSTV: Lieferamt GmbHAlexander LudwigInnere Laufer Gasse 3590402 N\u00fcrnberg T. 0911 8017635M. 0176 27346106 bestellung@lieferamt.de www.lieferamt.de Zust\u00e4ndige Aufsichtsbeh\u00f6rde: Ordnungsamt N\u00fcrnberg Handelsregistereintrag:HRB 33559, Amtsgericht N\u00fcrnberg Umsatzsteuer-Identifikationsnummer:DE309330381 Steuernummer:241\/131\/41006 Gesch\u00e4ftsf\u00fchrer:Alexander Ludwig<\/p>\n","protected":false},"author":1,"featured_media":0,"parent":0,"menu_order":0,"comment_status":"closed","ping_status":"closed","template":"","meta":{"footnotes":""},"class_list":["post-124","page","type-page","status-publish","hentry"],"_links":{"self":[{"href":"https:\/\/lieferamt.de\/index.php\/wp-json\/wp\/v2\/pages\/124","targetHints":{"allow":["GET"]}}],"collection":[{"href":"https:\/\/lieferamt.de\/index.php\/wp-json\/wp\/v2\/pages"}],"about":[{"href":"https:\/\/lieferamt.de\/index.php\/wp-json\/wp\/v2\/types\/page"}],"author":[{"embeddable":true,"href":"https:\/\/lieferamt.de\/index.php\/wp-json\/wp\/v2\/users\/1"}],"replies":[{"embeddable":true,"href":"https:\/\/lieferamt.de\/index.php\/wp-json\/wp\/v2\/comments?post=124"}],"version-history":[{"count":4,"href":"https:\/\/lieferamt.de\/index.php\/wp-json\/wp\/v2\/pages\/124\/revisions"}],"predecessor-version":[{"id":908,"href":"https:\/\/lieferamt.de\/index.php\/wp-json\/wp\/v2\/pages\/124\/revisions\/908"}],"wp:attachment":[{"href":"https:\/\/lieferamt.de\/index.php\/wp-json\/wp\/v2\/media?parent=124"}],"curies":[{"name":"wp","href":"https:\/\/api.w.org\/{rel}","templated":true}]}}